{"id":39,"date":"2015-01-27T14:21:41","date_gmt":"2015-01-27T13:21:41","guid":{"rendered":"http:\/\/www.vuedici.org\/nocciolino\/?page_id=39"},"modified":"2017-08-29T11:14:26","modified_gmt":"2017-08-29T09:14:26","slug":"liens","status":"publish","type":"page","link":"https:\/\/www.vuedici.org\/nocciolino\/?page_id=39","title":{"rendered":"Liens"},"content":{"rendered":"<p>Liens de sites de voile<\/p>\n<p>pas de voile mais m\u00e9canique et \u00e9lectricit\u00e9, l&rsquo;association de formation des plaisanciers <a href=\"http:\/\/formation-plaisanciers.fr\/\">http:\/\/formation-plaisanciers.fr\/<\/a> avecThierry et Nathalie (bas\u00e9e maintenant \u00e0 Balaruc 34)<\/p>\n<p>&nbsp;<\/p>\n<p>Autres<br \/>\nle site d&rsquo;Hugo, fils de Xavier, qui a laiss\u00e9 quelques images sur ce site <a href=\"http:\/\/www.vuedici.org\" target=\"_blank\">http:\/\/www.vuedici.org\/<\/a><br \/>\net celui d&rsquo;Aur\u00e9lie, une des filles de Babeth qui a fait le tour du monde \u00e0 v\u00e9lo sans jamais prendre l&rsquo;avion:<br \/>\n<a href=\"http:\/\/terredepaysages.over-blog.com\/\" target=\"_blank\">http:\/\/terredepaysages.over-blog.com\/<\/a><\/p>\n<p>&nbsp;<\/p>\n<p>Le site de Benji, cycliste et navigateur, rencontr\u00e9 \u00e0 Stornoway (H\u00e9brides ext\u00e9rieures, \u00c9cosse) en aout 2017<br \/>\n<a title=\"earthodyssey\" href=\"http:\/\/earthodyssey.net\/\" target=\"_blank\">http:\/\/earthodyssey.net\/<\/a><\/p>\n<p>&nbsp;<\/p>\n<p>&nbsp;<\/p>\n<p>&nbsp;<\/p>\n","protected":false},"excerpt":{"rendered":"<p>Liens de sites de voile pas de voile mais m\u00e9canique et \u00e9lectricit\u00e9, l&rsquo;association de formation des plaisanciers http:\/\/formation-plaisanciers.fr\/ avecThierry et Nathalie (bas\u00e9e maintenant \u00e0 Balaruc 34) &nbsp; Autres le site d&rsquo;Hugo, fils de Xavier, qui a laiss\u00e9 quelques images sur ce site http:\/\/www.vuedici.org\/ et celui d&rsquo;Aur\u00e9lie, une des filles de Babeth qui a fait le &hellip; <a href=\"https:\/\/www.vuedici.org\/nocciolino\/?page_id=39\" class=\"more-link\">Continuer la lecture de <span class=\"screen-reader-text\">Liens<\/span>  <span class=\"meta-nav\">&rarr;<\/span><\/a><\/p>\n","protected":false},"author":1,"featured_media":0,"parent":0,"menu_order":0,"comment_status":"closed","ping_status":"closed","template":"","meta":{"footnotes":""},"class_list":["post-39","page","type-page","status-publish","hentry"],"_links":{"self":[{"href":"https:\/\/www.vuedici.org\/nocciolino\/index.php?rest_route=\/wp\/v2\/pages\/39","targetHints":{"allow":["GET"]}}],"collection":[{"href":"https:\/\/www.vuedici.org\/nocciolino\/index.php?rest_route=\/wp\/v2\/pages"}],"about":[{"href":"https:\/\/www.vuedici.org\/nocciolino\/index.php?rest_route=\/wp\/v2\/types\/page"}],"author":[{"embeddable":true,"href":"https:\/\/www.vuedici.org\/nocciolino\/index.php?rest_route=\/wp\/v2\/users\/1"}],"replies":[{"embeddable":true,"href":"https:\/\/www.vuedici.org\/nocciolino\/index.php?rest_route=%2Fwp%2Fv2%2Fcomments&post=39"}],"version-history":[{"count":11,"href":"https:\/\/www.vuedici.org\/nocciolino\/index.php?rest_route=\/wp\/v2\/pages\/39\/revisions"}],"predecessor-version":[{"id":873,"href":"https:\/\/www.vuedici.org\/nocciolino\/index.php?rest_route=\/wp\/v2\/pages\/39\/revisions\/873"}],"wp:attachment":[{"href":"https:\/\/www.vuedici.org\/nocciolino\/index.php?rest_route=%2Fwp%2Fv2%2Fmedia&parent=39"}],"curies":[{"name":"wp","href":"https:\/\/api.w.org\/{rel}","templated":true}]}}