{"id":11,"date":"2015-01-27T11:30:17","date_gmt":"2015-01-27T11:30:17","guid":{"rendered":"http:\/\/www.vuedici.org\/nocciolino\/?page_id=11"},"modified":"2024-01-08T18:07:55","modified_gmt":"2024-01-08T17:07:55","slug":"test-page-1","status":"publish","type":"page","link":"https:\/\/www.vuedici.org\/nocciolino\/?page_id=11","title":{"rendered":"Le bateau"},"content":{"rendered":"<p><strong>Un solide Caroff en acier, un de ces \u00ab\u00a0mercos\u00a0\u00bb des mers !<\/strong><\/p>\n<p>Exploration 39<br \/>\nCon\u00e7u en 1979 par l&rsquo;architecte Gilbert Caroff, le notre a \u00e9t\u00e9 construit\u00a0 par un amateur et mis \u00e0 l&rsquo;eau en 1995.<br \/>\nNous le rachetons en octobre 2013 \u00e0 Laurent et Janie, qui reviennent d&rsquo;un grand voyage autour de l&rsquo;Am\u00e9rique du Sud, avec une incursion en Antarctique !<\/p>\n<p>D\u00e9riveur int\u00e9gral<br \/>\nLongueur 11.70 m, largeur 3.98 m<br \/>\nCoque acier \u00e0 3 bouchains, pont en inox, plan int\u00e9rieur style salon de pont, super agr\u00e9able, barre franche (et lourde !)<br \/>\nTirant d&rsquo;eau d\u00e9rive haute 1.35 m<\/p>\n<figure id=\"attachment_831\" aria-describedby=\"caption-attachment-831\" style=\"width: 652px\" class=\"wp-caption alignnone\"><a href=\"https:\/\/www.vuedici.org\/nocciolino\/wp-content\/uploads\/2017\/08\/Nocciolino-jaune_redimensionner.jpg\"><img loading=\"lazy\" decoding=\"async\" class=\"size-full wp-image-831\" src=\"https:\/\/www.vuedici.org\/nocciolino\/wp-content\/uploads\/2017\/08\/Nocciolino-jaune_redimensionner.jpg\" alt=\"Nocciolino dans sa version 2017\" width=\"652\" height=\"600\" srcset=\"https:\/\/www.vuedici.org\/nocciolino\/wp-content\/uploads\/2017\/08\/Nocciolino-jaune_redimensionner.jpg 652w, https:\/\/www.vuedici.org\/nocciolino\/wp-content\/uploads\/2017\/08\/Nocciolino-jaune_redimensionner-300x276.jpg 300w\" sizes=\"auto, (max-width: 652px) 100vw, 652px\" \/><\/a><figcaption id=\"caption-attachment-831\" class=\"wp-caption-text\">Nocciolino dans sa version 2017<\/figcaption><\/figure>\n<p><a href=\"https:\/\/www.vuedici.org\/nocciolino\/wp-content\/uploads\/2015\/01\/P10909701.jpg\"><img loading=\"lazy\" decoding=\"async\" class=\"alignnone size-full wp-image-48\" src=\"https:\/\/www.vuedici.org\/nocciolino\/wp-content\/uploads\/2015\/01\/P10909701.jpg\" alt=\"P1090970\" width=\"1975\" height=\"1827\" srcset=\"https:\/\/www.vuedici.org\/nocciolino\/wp-content\/uploads\/2015\/01\/P10909701.jpg 1975w, https:\/\/www.vuedici.org\/nocciolino\/wp-content\/uploads\/2015\/01\/P10909701-300x278.jpg 300w, https:\/\/www.vuedici.org\/nocciolino\/wp-content\/uploads\/2015\/01\/P10909701-1024x947.jpg 1024w\" sizes=\"auto, (max-width: 1975px) 100vw, 1975px\" \/><\/a><\/p>\n<p>poids de l&rsquo;ordre de 11 T<br \/>\nmoteur Perkins prima 50 (50 CV)<\/p>\n<p>Autonomie \u00e9lectrique avec 2 panneaux solaires neufs, l&rsquo;\u00e9olienne D400, et un hydrog\u00e9n\u00e9rateur Ampair, que finalement on ne prendra pas, les panneaux donnant suffisamment, et l&rsquo;hydro posant des probl\u00e8mes de bruit selon des utilisateurs.<\/p>\n<p>Quelques travaux d&rsquo;am\u00e9lioration du confort (groupe eau chaude pour la douche &#8230;), d&rsquo;aspect (refaire les rideaux, vernis, un peu de peinture), s\u00e9curisation des circuits \u00e9lectriques, du mat\u00e9riel de s\u00e9curit\u00e9 (balise, perche IOR, palan MOB), quelques bricoles \u00e9lectroniques : le vieux GPS GP32 reli\u00e9 \u00e0 un ordi avec open CPN, un sondeur neuf&#8230;<br \/>\nEt nous sommes pr\u00eats \u00e0 partir dans le monde, vers les rivages plus ou moins lointains, \u00e0 la rencontre des gens d&rsquo;ici et de l\u00e0, et aussi des oiseaux et mammif\u00e8res marins et terrestres, et \u00e0 passer du bon temps en nav ou au mouillage !<\/p>\n<p><a href=\"https:\/\/www.vuedici.org\/nocciolino\/wp-content\/uploads\/2015\/01\/vudenhaut.jpg\"><img loading=\"lazy\" decoding=\"async\" class=\"alignnone wp-image-64\" src=\"https:\/\/www.vuedici.org\/nocciolino\/wp-content\/uploads\/2015\/01\/vudenhaut.jpg\" alt=\"vudenhaut\" width=\"419\" height=\"628\" srcset=\"https:\/\/www.vuedici.org\/nocciolino\/wp-content\/uploads\/2015\/01\/vudenhaut.jpg 501w, https:\/\/www.vuedici.org\/nocciolino\/wp-content\/uploads\/2015\/01\/vudenhaut-200x300.jpg 200w\" sizes=\"auto, (max-width: 419px) 100vw, 419px\" \/><\/a><\/p>\n<p>Et d\u2019o\u00f9 vient ce nom, NOCCIOLINO ?<\/p>\n<audio class=\"wp-audio-shortcode\" id=\"audio-11-1\" preload=\"none\" style=\"width: 100%;\" controls=\"controls\"><source type=\"audio\/mpeg\" src=\"https:\/\/www.vuedici.org\/nocciolino\/wp-content\/uploads\/2024\/01\/Nocciolino-chanson-MP3-Low.mp3?_=1\" \/><a href=\"https:\/\/www.vuedici.org\/nocciolino\/wp-content\/uploads\/2024\/01\/Nocciolino-chanson-MP3-Low.mp3\">https:\/\/www.vuedici.org\/nocciolino\/wp-content\/uploads\/2024\/01\/Nocciolino-chanson-MP3-Low.mp3<\/a><\/audio>\n<p>C&rsquo;est Antoine, le chanteur navigateur : -1979, Festival de San Remo : \u00ab<i>Pour mon sixi\u00e8me passage \u00e0 ce festival, apr\u00e8s Pietre, LaTramontana, Cos&rsquo;hai messo nel Caff\u00e8, Taxi, Il Dirigibile, on m&rsquo;offre Nocciolino, une des plus belles chansons, je crois, que j&rsquo;aie eu l&rsquo;occasion de chanter dans ma vie ; elle n&rsquo;a gu\u00e8re eu de succ\u00e8s, ni en Italie ni en France dans l&rsquo;adaptation que j&rsquo;en avais faite, y faisant apparaitre un navigateur au long cours imaginaire proche de Bernard Moitessier ou de votre serviteur; Elle n&rsquo;a gu\u00e8re eu de succ\u00e8s, mais j&rsquo;ai re\u00e7u parfois des messages d&rsquo;un gars ou d&rsquo;un autre que cette chanson avait convaincu de partir au bout du monde y vivre des aventures extraordinaires au lieu de se contenter dans son pays natal d&rsquo;un demi litre d&rsquo;oc\u00e9an. \u00bb<br \/>\n<\/i>Michel, le constructeur du bateau, et fan d&rsquo;Antoine, a adopt\u00e9 ce nom, et la philosophie qui va avec ce texte.\u00a0 \u00c7a nous allait bien\u00a0 alors on l&rsquo;a gard\u00e9 !<\/p>\n<p>Photos de l&rsquo;int\u00e9rieur :<\/p>\n<style id=\"bwg-style-0\">    #bwg_container1_0 #bwg_container2_0 .bwg-container-0.bwg-standard-thumbnails {      width: 904px;              justify-content: center;        margin:0 auto !important;              background-color: rgba(255, 255, 255, 0.00);            padding-left: 4px;      padding-top: 4px;      max-width: 100%;            }        #bwg_container1_0 #bwg_container2_0 .bwg-container-0.bwg-standard-thumbnails .bwg-item {    justify-content: flex-start;      max-width: 180px;            width: 180px !important;          }    #bwg_container1_0 #bwg_container2_0 .bwg-container-0.bwg-standard-thumbnails .bwg-item a {       margin-right: 4px;       margin-bottom: 4px;    }    #bwg_container1_0 #bwg_container2_0 .bwg-container-0.bwg-standard-thumbnails .bwg-item0 {      padding: 0px;            background-color:rgba(255,255,255, 0.30);      border: 0px none #CCCCCC;      opacity: 1.00;      border-radius: 0;      box-shadow: 0px 0px 0px #888888;    }    #bwg_container1_0 #bwg_container2_0 .bwg-container-0.bwg-standard-thumbnails .bwg-item1 img {      max-height: none;      max-width: none;      padding: 0 !important;    }        @media only screen and (min-width: 480px) {      #bwg_container1_0 #bwg_container2_0 .bwg-container-0.bwg-standard-thumbnails .bwg-item0 {        transition: all 0.3s ease 0s;-webkit-transition: all 0.3s ease 0s;      }      #bwg_container1_0 #bwg_container2_0 .bwg-container-0.bwg-standard-thumbnails .bwg-item0:hover {        -ms-transform: scale(1.1);        -webkit-transform: scale(1.1);        transform: scale(1.1);      }    }          #bwg_container1_0 #bwg_container2_0 .bwg-container-0.bwg-standard-thumbnails .bwg-item1 {      padding-top: 50%;    }        #bwg_container1_0 #bwg_container2_0 .bwg-container-0.bwg-standard-thumbnails .bwg-title2,    #bwg_container1_0 #bwg_container2_0 .bwg-container-0.bwg-standard-thumbnails .bwg-ecommerce2 {      color: #CCCCCC;      font-family: segoe ui;      font-size: 16px;      font-weight: bold;      padding: 2px;      text-shadow: 0px 0px 0px #888888;      max-height: 100%;    }    #bwg_container1_0 #bwg_container2_0 .bwg-container-0.bwg-standard-thumbnails .bwg-thumb-description span {    color: #323A45;    font-family: Ubuntu;    font-size: 12px;    max-height: 100%;    word-wrap: break-word;    }    #bwg_container1_0 #bwg_container2_0 .bwg-container-0.bwg-standard-thumbnails .bwg-play-icon2 {      font-size: 32px;    }    #bwg_container1_0 #bwg_container2_0 .bwg-container-0.bwg-standard-thumbnails .bwg-ecommerce2 {      font-size: 19.2px;      color: #CCCCCC;    }    <\/style>    <div id=\"bwg_container1_0\"         class=\"bwg_container bwg_thumbnail bwg_thumbnails \"         data-right-click-protection=\"0\"         data-bwg=\"0\"         data-scroll=\"0\"         data-gallery-type=\"thumbnails\"         data-gallery-view-type=\"thumbnails\"         data-current-url=\"\/nocciolino\/index.php?rest_route=%2Fwp%2Fv2%2Fpages%2F11\"         data-lightbox-url=\"https:\/\/www.vuedici.org\/nocciolino\/wp-admin\/admin-ajax.php?action=GalleryBox&#038;current_view=0&#038;gallery_id=6&#038;tag=0&#038;theme_id=1&#038;shortcode_id=13&#038;sort_by=order&#038;order_by=asc&#038;current_url=%2Fnocciolino%2Findex.php%3Frest_route%3D%252Fwp%252Fv2%252Fpages%252F11\"         data-gallery-id=\"6\"         data-popup-width=\"1200\"         data-popup-height=\"1200\"         data-is-album=\"gallery\"         data-buttons-position=\"bottom\">      <div id=\"bwg_container2_0\">             <div id=\"ajax_loading_0\" class=\"bwg_loading_div_1\">      <div class=\"bwg_loading_div_2\">        <div class=\"bwg_loading_div_3\">          <div id=\"loading_div_0\" class=\"bwg_spider_ajax_loading\">          <\/div>        <\/div>      <\/div>    <\/div>            <form id=\"gal_front_form_0\"              class=\"bwg-hidden\"              method=\"post\"              action=\"#\"              data-current=\"0\"              data-shortcode-id=\"13\"              data-gallery-type=\"thumbnails\"              data-gallery-id=\"6\"              data-tag=\"0\"              data-album-id=\"0\"              data-theme-id=\"1\"              data-ajax-url=\"https:\/\/www.vuedici.org\/nocciolino\/wp-admin\/admin-ajax.php?action=bwg_frontend_data\">          <div id=\"bwg_container3_0\" class=\"bwg-background bwg-background-0\">                <div data-max-count=\"5\"         data-thumbnail-width=\"180\"         data-bwg=\"0\"         data-gallery-id=\"6\"         data-lightbox-url=\"https:\/\/www.vuedici.org\/nocciolino\/wp-admin\/admin-ajax.php?action=GalleryBox&amp;current_view=0&amp;gallery_id=6&amp;tag=0&amp;theme_id=1&amp;shortcode_id=13&amp;sort_by=order&amp;order_by=asc&amp;current_url=%2Fnocciolino%2Findex.php%3Frest_route%3D%252Fwp%252Fv2%252Fpages%252F11\"         id=\"bwg_thumbnails_0\"         class=\"bwg-container-0 bwg-thumbnails bwg-standard-thumbnails bwg-container bwg-border-box\">            <div class=\"bwg-item\">        <a class=\"bwg-a  bwg_lightbox\"  data-image-id=\"33\" href=\"https:\/\/www.vuedici.org\/nocciolino\/wp-content\/uploads\/photo-gallery\/P1100392_redimensionner.JPG\" data-elementor-open-lightbox=\"no\">                <div class=\"bwg-item0 \">          <div class=\"bwg-item1 \">            <div class=\"bwg-item2\">              <img decoding=\"async\" class=\"skip-lazy bwg_standart_thumb_img_0 \"                   data-id=\"33\"                   data-width=\"\"                   data-height=\"\"                   data-src=\"https:\/\/www.vuedici.org\/nocciolino\/wp-content\/uploads\/photo-gallery\/thumb\/P1100392_redimensionner.JPG\"                   src=\"https:\/\/www.vuedici.org\/nocciolino\/wp-content\/uploads\/photo-gallery\/thumb\/P1100392_redimensionner.JPG\"                   alt=\"carr\u00e9 sur\u00e9lev\u00e9 = salon de pont\"                   title=\"carr\u00e9 sur\u00e9lev\u00e9 = salon de pont\" \/>            <\/div>            <div class=\"\">                                                      <\/div>          <\/div>        <\/div>                <div class=\"bwg-title1\"><div class=\"bwg-title2\">carr\u00e9 sur\u00e9lev\u00e9 = salon de pont<\/div><\/div>        <\/a>              <\/div>          <\/div>    <style>      \/*pagination styles*\/      #bwg_container1_0 #bwg_container2_0 .tablenav-pages_0 {\t\t\t\ttext-align: center;\t\t\t\tfont-size: 12px;\t\t\t\tfont-family: segoe ui;\t\t\t\tfont-weight: bold;\t\t\t\tcolor: #666666;\t\t\t\tmargin: 6px 0 4px;\t\t\t\tdisplay: block;      }      @media only screen and (max-width : 320px) {      #bwg_container1_0 #bwg_container2_0 .displaying-num_0 {     \t display: none;      }      }      #bwg_container1_0 #bwg_container2_0 .displaying-num_0 {\t\t\t\tfont-size: 12px;\t\t\t\tfont-family: segoe ui;\t\t\t\tfont-weight: bold;\t\t\t\tcolor: #666666;\t\t\t\tmargin-right: 10px;\t\t\t\tvertical-align: middle;      }      #bwg_container1_0 #bwg_container2_0 .paging-input_0 {\t\t\t\tfont-size: 12px;\t\t\t\tfont-family: segoe ui;\t\t\t\tfont-weight: bold;\t\t\t\tcolor: #666666;\t\t\t\tvertical-align: middle;      }      #bwg_container1_0 #bwg_container2_0 .tablenav-pages_0 a.disabled,      #bwg_container1_0 #bwg_container2_0 .tablenav-pages_0 a.disabled:hover,      #bwg_container1_0 #bwg_container2_0 .tablenav-pages_0 a.disabled:focus,\t\t\t#bwg_container1_0 #bwg_container2_0 .tablenav-pages_0 input.bwg_current_page {\t\t\t\tcursor: default;\t\t\t\tcolor: rgba(102, 102, 102, 0.5);      }      #bwg_container1_0 #bwg_container2_0 .tablenav-pages_0 a,      #bwg_container1_0 #bwg_container2_0 .tablenav-pages_0 input.bwg_current_page {\t\t\t\tcursor: pointer;\t\t\t\ttext-align: center;\t\t\t\tfont-size: 12px;\t\t\t\tfont-family: segoe ui;\t\t\t\tfont-weight: bold;\t\t\t\tcolor: #666666;\t\t\t\ttext-decoration: none;\t\t\t\tpadding: 3px 6px;\t\t\t\tmargin: 0;\t\t\t\tborder-radius: 0;\t\t\t\tborder-style: solid;\t\t\t\tborder-width: 1px;\t\t\t\tborder-color: #E3E3E3;\t\t\t\t\t\t\t\tbackground-color: rgba(255, 255, 255, 1.00);\t\t\t\tbox-shadow: 0;\t\t\t\ttransition: all 0.3s ease 0s;-webkit-transition: all 0.3s ease 0s;      }      <\/style>      <span class=\"bwg_nav_cont_0\">              <div class=\"tablenav-pages_0\">                      <span class=\"pagination-links_0 pagination-links\" data-pages-count=\"13\">              <span class=\"pagination-links_col1\">              <a class=\"bwg-a first-page disabled\" title=\"Go to the first page\" >\u00ab<\/a>              <a class=\"bwg-a prev-page disabled\" title=\"Go to the previous page\" >\u2039<\/a>              <\/span>\t\t\t\t\t\t\t<span class=\"pagination-links_col2\">\t\t\t\t\t\t\t\t\t<input type=\"number\" class=\"bwg_current_page\" name=\"bwg_current_page\" value=\"1\" data-url-info=\"page_number_0\" onkeypress=\"return bwg_change_page_0(event, this)\" min=\"1\" oninput=\"validity.valid||(value='')\" \/>\t\t\t\t\t\t\t\t\t\tof\t\t\t\t\t\t\t\t\t\t<span class=\"total-pages_0\">\t\t\t\t\t\t\t\t\t\t\t13\t\t\t\t\t\t\t\t\t\t<\/span>\t\t\t\t\t\t\t<\/span>              <span class=\"pagination-links_col3\">                <a class=\"bwg-a next-page-0\" title=\"Go to the next page\" href=\"\/nocciolino\/index.php?rest_route=%2Fwp%2Fv2%2Fpages%2F11&#038;page_number_0=2\">\u203a<\/a>                <a class=\"bwg-a last-page-0\" title=\"Go to the last page\" href=\"\/nocciolino\/index.php?rest_route=%2Fwp%2Fv2%2Fpages%2F11&#038;page_number_0=13\">\u00bb<\/a>              <\/span>\t\t\t\t\t\t<\/span>\t\t\t\t\t\t        <\/div>                <input type=\"hidden\" id=\"page_number_0\" name=\"page_number_0\" value=\"1\" \/>      <script type=\"text\/javascript\">        if( jQuery('.bwg_nav_cont_0').length > 1 ) {          jQuery('.bwg_nav_cont_0').first().remove()        }        function spider_page_0(cur, x, y, load_more) {          if (typeof load_more == \"undefined\") {            var load_more = false;          }          if (jQuery(cur).hasClass('disabled')) {            return false;          }          var items_county_0 = 13;          switch (y) {            case 1:              if (x >= items_county_0) {                document.getElementById('page_number_0').value = items_county_0;              }              else {                document.getElementById('page_number_0').value = x + 1;              }              break;            case 2:              document.getElementById('page_number_0').value = items_county_0;              break;            case -1:              if (x == 1) {                document.getElementById('page_number_0').value = 1;              }              else {                document.getElementById('page_number_0').value = x - 1;              }              break;            case -2:              document.getElementById('page_number_0').value = 1;              break;\t\t\t\t\t\tcase 0:              document.getElementById('page_number_0').value = x;              break;            default:              document.getElementById('page_number_0').value = 1;          }          bwg_ajax('gal_front_form_0', '0', 'bwg_thumbnails_0', '0', '', 'gallery', 0, '', '', load_more, '', 1);        }                    jQuery('.first-page disabled').on('click', function () {              spider_page_0(this, 1, -2, 'numeric');              return false;            });            jQuery('.prev-page disabled').on('click', function () {              spider_page_0(this, 1, -1, 'numeric');              return false;            });            jQuery('.next-page-0').on('click', function () {              spider_page_0(this, 1, 1, 'numeric');              return false;            });            jQuery('.last-page-0').on('click', function () {              spider_page_0(this, 1, 2, 'numeric');              return false;            });        \t\t\t\t\/* Change page on input enter. *\/        function bwg_change_page_0( e, that ) {          if (  e.key == 'Enter' ) {            var to_page = parseInt(jQuery(that).val());            var pages_count = jQuery(that).parents(\".pagination-links\").data(\"pages-count\");            var current_url_param = jQuery(that).attr('data-url-info');            if (to_page > pages_count) {              to_page = 1;            }\t \t\t\t\t\t\t\t\t\t\t\t\tspider_page_0(this, to_page, 0, 'numeric');\t\t\t\t\t\t\treturn false;\t\t\t\t\t\t          }          return true;        }        jQuery('.bwg_load_btn_0').on('click', function () {            spider_page_0(this, 1, 1, true);            return false;        });      <\/script>      <\/span>                <\/div>        <\/form>        <style>          #bwg_container1_0 #bwg_container2_0 #spider_popup_overlay_0 {          background-color: #000000;          opacity: 0.70;          }          <\/style>        <div id=\"bwg_spider_popup_loading_0\" class=\"bwg_spider_popup_loading\"><\/div>        <div id=\"spider_popup_overlay_0\" class=\"spider_popup_overlay\" onclick=\"spider_destroypopup(1000)\"><\/div>        <input type=\"hidden\" id=\"bwg_random_seed_0\" value=\"1330007013\">                <\/div>    <\/div>    <script>      if (document.readyState === 'complete') {        if( typeof bwg_main_ready == 'function' ) {          if ( jQuery(\"#bwg_container1_0\").height() ) {            bwg_main_ready(jQuery(\"#bwg_container1_0\"));          }        }      } else {        document.addEventListener('DOMContentLoaded', function() {          if( typeof bwg_main_ready == 'function' ) {            if ( jQuery(\"#bwg_container1_0\").height() ) {             bwg_main_ready(jQuery(\"#bwg_container1_0\"));            }          }        });      }    <\/script>    \n","protected":false},"excerpt":{"rendered":"<p>Un solide Caroff en acier, un de ces \u00ab\u00a0mercos\u00a0\u00bb des mers ! Exploration 39 Con\u00e7u en 1979 par l&rsquo;architecte Gilbert Caroff, le notre a \u00e9t\u00e9 construit\u00a0 par un amateur et mis \u00e0 l&rsquo;eau en 1995. Nous le rachetons en octobre 2013 \u00e0 Laurent et Janie, qui reviennent d&rsquo;un grand voyage autour de l&rsquo;Am\u00e9rique du Sud, &hellip; <a href=\"https:\/\/www.vuedici.org\/nocciolino\/?page_id=11\" class=\"more-link\">Continuer la lecture de <span class=\"screen-reader-text\">Le bateau<\/span>  <span class=\"meta-nav\">&rarr;<\/span><\/a><\/p>\n","protected":false},"author":1,"featured_media":0,"parent":0,"menu_order":0,"comment_status":"open","ping_status":"open","template":"page-templates\/full-width.php","meta":{"footnotes":""},"class_list":["post-11","page","type-page","status-publish","hentry"],"_links":{"self":[{"href":"https:\/\/www.vuedici.org\/nocciolino\/index.php?rest_route=\/wp\/v2\/pages\/11","targetHints":{"allow":["GET"]}}],"collection":[{"href":"https:\/\/www.vuedici.org\/nocciolino\/index.php?rest_route=\/wp\/v2\/pages"}],"about":[{"href":"https:\/\/www.vuedici.org\/nocciolino\/index.php?rest_route=\/wp\/v2\/types\/page"}],"author":[{"embeddable":true,"href":"https:\/\/www.vuedici.org\/nocciolino\/index.php?rest_route=\/wp\/v2\/users\/1"}],"replies":[{"embeddable":true,"href":"https:\/\/www.vuedici.org\/nocciolino\/index.php?rest_route=%2Fwp%2Fv2%2Fcomments&post=11"}],"version-history":[{"count":13,"href":"https:\/\/www.vuedici.org\/nocciolino\/index.php?rest_route=\/wp\/v2\/pages\/11\/revisions"}],"predecessor-version":[{"id":3002,"href":"https:\/\/www.vuedici.org\/nocciolino\/index.php?rest_route=\/wp\/v2\/pages\/11\/revisions\/3002"}],"wp:attachment":[{"href":"https:\/\/www.vuedici.org\/nocciolino\/index.php?rest_route=%2Fwp%2Fv2%2Fmedia&parent=11"}],"curies":[{"name":"wp","href":"https:\/\/api.w.org\/{rel}","templated":true}]}}